{"id":1004,"date":"2024-12-17T18:26:37","date_gmt":"2024-12-17T18:26:37","guid":{"rendered":"https:\/\/wirtschaftsf\u00f6rderung-gifhorn.de\/?page_id=1004"},"modified":"2026-02-27T15:49:02","modified_gmt":"2026-02-27T15:49:02","slug":"gewerbeflaechen","status":"publish","type":"page","link":"https:\/\/xn--wirtschaftsfrderung-gifhorn-0yc.de\/en\/gewerbeflaechen\/","title":{"rendered":"Commercial Spaces"},"content":{"rendered":"<p>[et_pb_section fb_built=&#8220;1&#8243; admin_label=&#8220;section&#8220; module_id=&#8220;hero-section&#8220; _builder_version=&#8220;4.27.2&#8243; background_image=&#8220;https:\/\/wirtschaftsf\u00f6rderung-gifhorn.de\/wp-content\/uploads\/2024\/10\/Hammersteinpark2_Areal.jpg&#8220; height=&#8220;32vh&#8220; height_tablet=&#8220;20vh&#8220; height_phone=&#8220;20vh&#8220; height_last_edited=&#8220;on|tablet&#8220; custom_margin=&#8220;1px|0px|0px|0px|false|false&#8220; custom_padding=&#8220;0px|2%|2%|2%|false|false&#8220; custom_css_main_element=&#8220;display: flex;||flex-direction: column;||justify-content: flex-end;||align-items: flex-start;||flex: 1 0 0;&#8220; border_radii=&#8220;on|12px|12px|12px|12px&#8220; saved_tabs=&#8220;all&#8220; global_colors_info=&#8220;{}&#8220;][et_pb_row admin_label=&#8220;row&#8220; module_id=&#8220;hero-container&#8220; _builder_version=&#8220;4.27.3&#8243; background_color=&#8220;#ffffff&#8220; background_size=&#8220;initial&#8220; background_position=&#8220;top_left&#8220; background_repeat=&#8220;repeat&#8220; custom_padding=&#8220;16px|16px|16px|16px|false|false&#8220; custom_css_main_element=&#8220;display: flex;||align-items: flex-end;&#8220; border_radii=&#8220;on|10px|10px|10px|10px&#8220; global_colors_info=&#8220;{}&#8220; max_width__hover_enabled=&#8220;on|desktop&#8220; max_width__hover=&#8220;none&#8220;][et_pb_column type=&#8220;4_4&#8243; _builder_version=&#8220;4.16&#8243; custom_padding=&#8220;|||&#8220; global_colors_info=&#8220;{}&#8220; custom_padding__hover=&#8220;|||&#8220;][et_pb_heading title=&#8220;Gewerbefl\u00e4chen&#8220; _builder_version=&#8220;4.27.3&#8243; _module_preset=&#8220;default&#8220; title_level=&#8220;h2&#8243; custom_margin=&#8220;0px|0px|0px|0px|false|false&#8220; global_colors_info=&#8220;{}&#8220;][\/et_pb_heading][\/et_pb_column][\/et_pb_row][et_pb_row _builder_version=&#8220;4.27.4&#8243; _module_preset=&#8220;default&#8220; module_alignment=&#8220;right&#8220; max_height=&#8220;15px&#8220; global_colors_info=&#8220;{}&#8220;][et_pb_column type=&#8220;4_4&#8243; _builder_version=&#8220;4.27.4&#8243; _module_preset=&#8220;default&#8220; global_colors_info=&#8220;{}&#8220;][et_pb_text _builder_version=&#8220;4.27.4&#8243; _module_preset=&#8220;default&#8220; text_text_color=&#8220;#FFFFFF&#8220; text_font_size=&#8220;10px&#8220; global_colors_info=&#8220;{}&#8220;]<\/p>\n<p>Foto: Hammerstein Park Wesendorf<\/p>\n<p>[\/et_pb_text][\/et_pb_column][\/et_pb_row][\/et_pb_section][et_pb_section fb_built=&#8220;1&#8243; admin_label=&#8220;Paragraph (Standard)&#8220; _builder_version=&#8220;4.27.2&#8243; _module_preset=&#8220;default&#8220; saved_tabs=&#8220;all&#8220; global_colors_info=&#8220;{}&#8220;][et_pb_row admin_label=&#8220;Container&#8220; _builder_version=&#8220;4.27.2&#8243; _module_preset=&#8220;default&#8220; global_colors_info=&#8220;{}&#8220;][et_pb_column type=&#8220;4_4&#8243; _builder_version=&#8220;4.27.0&#8243; _module_preset=&#8220;default&#8220; global_colors_info=&#8220;{}&#8220;][et_pb_text _builder_version=&#8220;4.27.3&#8243; _module_preset=&#8220;default&#8220; global_colors_info=&#8220;{}&#8220;]<\/p>\n<p>Egal, ob Sie einen neuen Standort f\u00fcr Ihre Gesch\u00e4ftst\u00e4tigkeit ben\u00f6tigen oder ihr bestehendes Gewerbe erweitern m\u00f6chten &#8211; wir stehen Ihnen zur Seite. Wir helfen Ihnen dabei, die passende Gewerbefl\u00e4che zu finden, die Ihren Anforderungen entspricht. Unser Bestreben ist es, Ihnen eine optimale Standortl\u00f6sung zu bieten, die nicht nur Ihren gesch\u00e4ftlichen Anforderungen entspricht, sondern auch zu Ihrem Unternehmenserfolg beitr\u00e4gt.<\/p>\n<p>[\/et_pb_text][et_pb_button button_url=&#8220;\/kontakt&#8220; url_new_window=&#8220;on&#8220; button_text=&#8220;Jetzt beraten lassen&#8220; _builder_version=&#8220;4.27.2&#8243; _module_preset=&#8220;default&#8220; button_text_color=&#8220;#265A84&#8243; button_bg_color=&#8220;#FFFFFF&#8220; button_letter_spacing=&#8220;0px&#8220; button_use_icon=&#8220;on&#8220; button_icon=&#8220;&#x24;||divi||400&#8243; custom_padding=&#8220;||||false|false&#8220; button_icon_color_tablet=&#8220;#FFFFFF&#8220; button_icon_color_phone=&#8220;#FFFFFF&#8220; button_icon_color_last_edited=&#8220;on|desktop&#8220; global_colors_info=&#8220;{}&#8220; button_text__hover_enabled=&#8220;off|desktop&#8220; button_border_radius__hover_enabled=&#8220;on|hover&#8220;][\/et_pb_button][\/et_pb_column][\/et_pb_row][\/et_pb_section][et_pb_section fb_built=&#8220;1&#8243; _builder_version=&#8220;4.27.2&#8243; _module_preset=&#8220;default&#8220; global_colors_info=&#8220;{}&#8220;][et_pb_row _builder_version=&#8220;4.27.2&#8243; _module_preset=&#8220;default&#8220; global_colors_info=&#8220;{}&#8220;][et_pb_column type=&#8220;4_4&#8243; _builder_version=&#8220;4.27.2&#8243; _module_preset=&#8220;default&#8220; global_colors_info=&#8220;{}&#8220;][et_pb_heading title=&#8220;Komsis&#8220; _builder_version=&#8220;4.27.2&#8243; _module_preset=&#8220;default&#8220; title_level=&#8220;h3&#8243; global_colors_info=&#8220;{}&#8220;][\/et_pb_heading][et_pb_code _builder_version=&#8220;4.27.3&#8243; _module_preset=&#8220;default&#8220; global_colors_info=&#8220;{}&#8220;]<\/p>\n<div id=\"inecos\" data-customer=\"gifhorn\" data-rs=\"gf\" data-locale=\"de\"<!-- [et_pb_line_break_holder] -->              data-uri-gf=&#8220;%URL-GF%&#8220; data-uri-gi=&#8220;%URL-GI%&#8220; data-uri-si=&#8220;%URL-SI%&#8220;><\/div>\n<p><!-- [et_pb_line_break_holder] --><script src=https:\/\/client.inecos.de\/js\/inecos.js><\/script>[\/et_pb_code][\/et_pb_column][\/et_pb_row][\/et_pb_section][et_pb_section fb_built=&#8220;1&#8243; module_class=&#8220;reihen&#8220; _builder_version=&#8220;4.27.3&#8243; _module_preset=&#8220;default&#8220; custom_margin=&#8220;40px|0px|40px|0px|false|false&#8220; custom_padding=&#8220;0px|0px|0px|0px|false|false&#8220; locked=&#8220;off&#8220; global_colors_info=&#8220;{}&#8220;][et_pb_row _builder_version=&#8220;4.27.2&#8243; _module_preset=&#8220;default&#8220; global_colors_info=&#8220;{}&#8220;][et_pb_column type=&#8220;4_4&#8243; _builder_version=&#8220;4.27.2&#8243; _module_preset=&#8220;default&#8220; global_colors_info=&#8220;{}&#8220;][et_pb_heading title=&#8220;Was wir Ihnen bieten&#8220; _builder_version=&#8220;4.27.3&#8243; _module_preset=&#8220;default&#8220; title_level=&#8220;h2&#8243; custom_margin=&#8220;0px|0px|0px|0px|false|false&#8220; global_colors_info=&#8220;{}&#8220;][\/et_pb_heading][\/et_pb_column][\/et_pb_row][et_pb_row column_structure=&#8220;1_2,1_2&#8243; make_equal=&#8220;on&#8220; _builder_version=&#8220;4.27.4&#8243; _module_preset=&#8220;default&#8220; min_height=&#8220;500px&#8220; custom_margin=&#8220;0px|0px||0px|false|false&#8220; custom_padding=&#8220;|0px|40px|0px|false|false&#8220; border_width_bottom=&#8220;1px&#8220; border_color_bottom=&#8220;#D6D6D6&#8243; global_colors_info=&#8220;{}&#8220; border_radii__hover_enabled=&#8220;off|desktop&#8220;][et_pb_column type=&#8220;1_2&#8243; module_class=&#8220;spalte_1&#8243; _builder_version=&#8220;4.27.4&#8243; _module_preset=&#8220;default&#8220; background_image=&#8220;https:\/\/xn--wirtschaftsfrderung-gifhorn-0yc.de\/wp-content\/uploads\/2025\/01\/MVP6787-1024&#215;683.jpg&#8220; background_position=&#8220;bottom_left&#8220; custom_css_main_element=&#8220;display: flex;||align-items: flex-start;||align-content: center;||flex: 1 0 0;||flex-wrap: wrap;&#8220; border_radii=&#8220;on|12px|12px|12px|12px&#8220; global_colors_info=&#8220;{}&#8220;][et_pb_text _builder_version=&#8220;4.27.4&#8243; _module_preset=&#8220;default&#8220; text_text_color=&#8220;#FFFFFF&#8220; text_font_size=&#8220;8px&#8220; custom_margin=&#8220;||||false|false&#8220; custom_padding=&#8220;40px|||40px|false|false&#8220; global_colors_info=&#8220;{}&#8220;]<\/p>\n<p>LK Gifhorn I&amp;S\/ Alexander Zaborowski<\/p>\n<p>&nbsp;<\/p>\n<p>&nbsp;<\/p>\n<p>&nbsp;<\/p>\n<p>&nbsp;<\/p>\n<p>&nbsp;<\/p>\n<p>&nbsp;<\/p>\n<p>&nbsp;<\/p>\n<p>&nbsp;<\/p>\n<p>&nbsp;<\/p>\n<p>&nbsp;<\/p>\n<p>&nbsp;<\/p>\n<p>&nbsp;<\/p>\n<p>&nbsp;<\/p>\n<p>[\/et_pb_text][\/et_pb_column][et_pb_column type=&#8220;1_2&#8243; _builder_version=&#8220;4.27.2&#8243; _module_preset=&#8220;default&#8220; custom_css_main_element=&#8220;display: flex;||align-items: flex-start;||align-content: center;||flex: 1 0 0;||flex-wrap: wrap;&#8220; global_colors_info=&#8220;{}&#8220;][et_pb_heading title=&#8220;Gewerbe- und Industriegebiet %22Hafen Wittingen%22&#8243; _builder_version=&#8220;4.27.4&#8243; _module_preset=&#8220;default&#8220; title_level=&#8220;h3&#8243; global_colors_info=&#8220;{}&#8220;][\/et_pb_heading][et_pb_text _builder_version=&#8220;4.27.5&#8243; _module_preset=&#8220;default&#8220; global_colors_info=&#8220;{}&#8220;]<\/p>\n<p>Das Gewerbe- und Industriegebiet \u201eHafen Wittingen\u201c \u00fcberzeugt durch seine trimodale Infrastruktur: Gelegen ist es am Elbe-Seitenkanal, \u00fcber die Bundesstra\u00dfe B 244 gut erreichbar und verf\u00fcgt \u00fcber einen Schienenanschluss. Mit dem geplanten Bau der Autobahn A 39 wird die Anbindung weiter verbessert. Das Gebiet bietet zudem Potenzial f\u00fcr Erweiterungsfl\u00e4chen und damit ideale Voraussetzungen f\u00fcr Unternehmen mit gro\u00dfen Expansionsvorhaben.<\/p>\n<p>[\/et_pb_text][et_pb_button button_url=&#8220;https:\/\/www.wittingen.eu\/&#8220; url_new_window=&#8220;on&#8220; button_text=&#8220;Weitere Informationen&#8220; _builder_version=&#8220;4.27.4&#8243; _module_preset=&#8220;default&#8220; button_text_color=&#8220;#265A84&#8243; button_bg_color=&#8220;#FFFFFF&#8220; button_letter_spacing=&#8220;0px&#8220; button_use_icon=&#8220;on&#8220; button_icon=&#8220;&#x26;||divi||400&#8243; custom_margin=&#8220;|0px|0px|0px|false|false&#8220; custom_padding=&#8220;4px|40px|4px|12px|false|false&#8220; custom_css_main_element=&#8220;display:inline-flex;&#8220; locked=&#8220;off&#8220; global_colors_info=&#8220;{}&#8220; custom_padding__hover_enabled=&#8220;on|desktop&#8220; custom_padding__hover=&#8220;||||false|false&#8220;][\/et_pb_button][\/et_pb_column][\/et_pb_row][et_pb_row column_structure=&#8220;1_2,1_2&#8243; make_equal=&#8220;on&#8220; _builder_version=&#8220;4.27.4&#8243; _module_preset=&#8220;default&#8220; min_height=&#8220;400px&#8220; custom_margin=&#8220;0px|0px||0px|false|false&#8220; custom_padding=&#8220;|0px|40px|0px|false|false&#8220; border_width_bottom=&#8220;1px&#8220; border_color_bottom=&#8220;#D6D6D6&#8243; global_colors_info=&#8220;{}&#8220; border_radii__hover_enabled=&#8220;off|desktop&#8220;][et_pb_column type=&#8220;1_2&#8243; _builder_version=&#8220;4.27.2&#8243; _module_preset=&#8220;default&#8220; custom_css_main_element=&#8220;display: flex;||align-items: flex-start;||align-content: center;||flex: 1 0 0;||flex-wrap: wrap;&#8220; global_colors_info=&#8220;{}&#8220;][et_pb_heading title=&#8220;Industriepark Triangel&#8220; _builder_version=&#8220;4.27.3&#8243; _module_preset=&#8220;default&#8220; title_level=&#8220;h3&#8243; global_colors_info=&#8220;{}&#8220;][\/et_pb_heading][et_pb_text _builder_version=&#8220;4.27.3&#8243; _module_preset=&#8220;default&#8220; global_colors_info=&#8220;{}&#8220;]<\/p>\n<p>Das ehemalige Produktionswerk eines Automobilzulieferers bietet heute kurz- und langfristig Produktions-, Lager- und B\u00fcrofl\u00e4chen zur Vermietung. Das Areal erstreckt sich auf ca. 360.000m\u00b2, wovon 61.500m\u00b2 \u00fcberbaut sind.<\/p>\n<p>[\/et_pb_text][et_pb_button button_url=&#8220;https:\/\/www.industriepark-triangel.de\/&#8220; url_new_window=&#8220;on&#8220; button_text=&#8220;Weitere Informationen&#8220; _builder_version=&#8220;4.27.3&#8243; _module_preset=&#8220;default&#8220; button_text_color=&#8220;#265A84&#8243; button_bg_color=&#8220;#FFFFFF&#8220; button_letter_spacing=&#8220;0px&#8220; button_use_icon=&#8220;on&#8220; button_icon=&#8220;&#x26;||divi||400&#8243; custom_margin=&#8220;|0px|0px|0px|false|false&#8220; custom_padding=&#8220;4px|40px|4px|12px|false|false&#8220; custom_css_main_element=&#8220;display:inline-flex;&#8220; locked=&#8220;off&#8220; global_colors_info=&#8220;{}&#8220; custom_padding__hover_enabled=&#8220;on|desktop&#8220; custom_padding__hover=&#8220;||||false|false&#8220;][\/et_pb_button][et_pb_image src=&#8220;https:\/\/xn--wirtschaftsfrderung-gifhorn-0yc.de\/wp-content\/uploads\/2024\/11\/Industrie_1.jpg&#8220; title_text=&#8220;Industrie_1&#8243; disabled_on=&#8220;on|off|off&#8220; module_class=&#8220;bild-neben-button&#8220; _builder_version=&#8220;4.27.4&#8243; _module_preset=&#8220;default&#8220; width=&#8220;150px&#8220; width_tablet=&#8220;150px&#8220; width_phone=&#8220;150px&#8220; width_last_edited=&#8220;on|phone&#8220; custom_css_main_element=&#8220;display:inline-flex;&#8220; border_radii=&#8220;on|0px|0px|0px|0px&#8220; global_colors_info=&#8220;{}&#8220;][\/et_pb_image][\/et_pb_column][et_pb_column type=&#8220;1_2&#8243; module_class=&#8220;spalte_1&#8243; _builder_version=&#8220;4.27.4&#8243; _module_preset=&#8220;default&#8220; background_image=&#8220;https:\/\/xn--wirtschaftsfrderung-gifhorn-0yc.de\/wp-content\/uploads\/2024\/10\/uasdbfuasfu.png&#8220; background_position=&#8220;center_left&#8220; custom_css_main_element=&#8220;display: flex;||align-items: flex-start;||align-content: center;||flex: 1 0 0;||flex-wrap: wrap;&#8220; border_radii=&#8220;on|12px|12px|12px|12px&#8220; global_colors_info=&#8220;{}&#8220;][et_pb_text _builder_version=&#8220;4.27.4&#8243; _module_preset=&#8220;default&#8220; text_text_color=&#8220;#000000&#8243; text_font_size=&#8220;8px&#8220; custom_margin=&#8220;||||false|false&#8220; custom_padding=&#8220;40px|||40px|false|false&#8220; global_colors_info=&#8220;{}&#8220;]<\/p>\n<p>Foto: Industriepark Triangel<\/p>\n<p>&nbsp;<\/p>\n<p>&nbsp;<\/p>\n<p>&nbsp;<\/p>\n<p>&nbsp;<\/p>\n<p>&nbsp;<\/p>\n<p>&nbsp;<\/p>\n<p>&nbsp;<\/p>\n<p>&nbsp;<\/p>\n<p>&nbsp;<\/p>\n<p>&nbsp;<\/p>\n<p>&nbsp;<\/p>\n<p>&nbsp;<\/p>\n<p>&nbsp;<\/p>\n<p>[\/et_pb_text][et_pb_text _builder_version=&#8220;4.27.4&#8243; _module_preset=&#8220;default&#8220; text_font_size=&#8220;8px&#8220; transform_scale_linked=&#8220;off&#8220; transform_translate=&#8220;300px|-194px&#8220; transform_translate_linked=&#8220;off&#8220; module_alignment=&#8220;right&#8220; min_height=&#8220;77px&#8220; custom_padding=&#8220;40px|40px|8px|40px|false|false&#8220; global_colors_info=&#8220;{}&#8220;]<\/p>\n<p style=\"text-align: right;\">Foto: Industriepark Triangel<\/p>\n<p>[\/et_pb_text][\/et_pb_column][\/et_pb_row][et_pb_row column_structure=&#8220;1_2,1_2&#8243; make_equal=&#8220;on&#8220; _builder_version=&#8220;4.27.4&#8243; _module_preset=&#8220;default&#8220; min_height=&#8220;500px&#8220; custom_margin=&#8220;0px|0px||0px|false|false&#8220; custom_padding=&#8220;|0px|40px|0px|false|false&#8220; border_width_bottom=&#8220;1px&#8220; border_color_bottom=&#8220;#D6D6D6&#8243; global_colors_info=&#8220;{}&#8220; border_radii__hover_enabled=&#8220;off|desktop&#8220;][et_pb_column type=&#8220;1_2&#8243; module_class=&#8220;spalte_1&#8243; _builder_version=&#8220;4.27.4&#8243; _module_preset=&#8220;default&#8220; background_image=&#8220;https:\/\/xn--wirtschaftsfrderung-gifhorn-0yc.de\/wp-content\/uploads\/2024\/10\/Hammersteinpark2_Areal.jpg&#8220; custom_css_main_element=&#8220;display: flex;||align-items: flex-start;||align-content: center;||flex: 1 0 0;||flex-wrap: wrap;&#8220; border_radii=&#8220;on|12px|12px|12px|12px&#8220; global_colors_info=&#8220;{}&#8220;][et_pb_text _builder_version=&#8220;4.27.4&#8243; _module_preset=&#8220;default&#8220; text_text_color=&#8220;#FFFFFF&#8220; text_font_size=&#8220;8px&#8220; custom_margin=&#8220;||||false|false&#8220; custom_padding=&#8220;40px|||40px|false|false&#8220; global_colors_info=&#8220;{}&#8220;]<\/p>\n<p>Foto: Hammerstein Park<\/p>\n<p>&nbsp;<\/p>\n<p>&nbsp;<\/p>\n<p>&nbsp;<\/p>\n<p>&nbsp;<\/p>\n<p>&nbsp;<\/p>\n<p>&nbsp;<\/p>\n<p>&nbsp;<\/p>\n<p>&nbsp;<\/p>\n<p>&nbsp;<\/p>\n<p>&nbsp;<\/p>\n<p>&nbsp;<\/p>\n<p>[\/et_pb_text][et_pb_text _builder_version=&#8220;4.27.4&#8243; _module_preset=&#8220;default&#8220; text_font_size=&#8220;8px&#8220; transform_scale_linked=&#8220;off&#8220; transform_translate=&#8220;300px|-194px&#8220; transform_translate_linked=&#8220;off&#8220; module_alignment=&#8220;right&#8220; min_height=&#8220;77px&#8220; custom_padding=&#8220;40px|40px|8px|40px|false|false&#8220; global_colors_info=&#8220;{}&#8220;]<\/p>\n<p style=\"text-align: right;\">Foto: Industriepark Triangel<\/p>\n<p>[\/et_pb_text][\/et_pb_column][et_pb_column type=&#8220;1_2&#8243; _builder_version=&#8220;4.27.2&#8243; _module_preset=&#8220;default&#8220; custom_css_main_element=&#8220;display: flex;||align-items: flex-start;||align-content: center;||flex: 1 0 0;||flex-wrap: wrap;&#8220; global_colors_info=&#8220;{}&#8220;][et_pb_heading title=&#8220;Hammerstein Park in Wesendorf&#8220; _builder_version=&#8220;4.27.4&#8243; _module_preset=&#8220;default&#8220; title_level=&#8220;h3&#8243; global_colors_info=&#8220;{}&#8220;][\/et_pb_heading][et_pb_text _builder_version=&#8220;4.27.4&#8243; _module_preset=&#8220;default&#8220; global_colors_info=&#8220;{}&#8220;]<\/p>\n<p>Das ehemalige Kasernengel\u00e4nde bietet Unternehmen heute eine attraktive Umgebung f\u00fcr Gewerbe und Logistik. Der Standort umfasst moderne B\u00fcro- und Lagerfl\u00e4chen sowie Verkehrs\u00fcbungspl\u00e4tze. Erg\u00e4nzend dazu stehen ein Wohnmobilhafen und verschiedene Freizeitm\u00f6glichkeiten zur Verf\u00fcgung.<\/p>\n<p>[\/et_pb_text][et_pb_button button_url=&#8220;https:\/\/www.hammerstein-park.de\/&#8220; url_new_window=&#8220;on&#8220; button_text=&#8220;Weitere Informationen&#8220; _builder_version=&#8220;4.27.4&#8243; _module_preset=&#8220;default&#8220; button_text_color=&#8220;#265A84&#8243; button_bg_color=&#8220;#FFFFFF&#8220; button_letter_spacing=&#8220;0px&#8220; button_use_icon=&#8220;on&#8220; button_icon=&#8220;&#x26;||divi||400&#8243; custom_margin=&#8220;|0px|0px|0px|false|false&#8220; custom_padding=&#8220;4px|40px|4px|12px|false|false&#8220; custom_css_main_element=&#8220;display:inline-flex;&#8220; locked=&#8220;off&#8220; global_colors_info=&#8220;{}&#8220; custom_padding__hover_enabled=&#8220;on|desktop&#8220; custom_padding__hover=&#8220;||||false|false&#8220;][\/et_pb_button][et_pb_image src=&#8220;https:\/\/xn--wirtschaftsfrderung-gifhorn-0yc.de\/wp-content\/uploads\/2024\/10\/hammerstein_logo.png&#8220; title_text=&#8220;hammerstein_logo&#8220; disabled_on=&#8220;on|off|off&#8220; module_class=&#8220;bild-neben-button&#8220; _builder_version=&#8220;4.27.4&#8243; _module_preset=&#8220;default&#8220; width=&#8220;88px&#8220; width_tablet=&#8220;150px&#8220; width_phone=&#8220;150px&#8220; width_last_edited=&#8220;on|phone&#8220; min_height=&#8220;62.3px&#8220; custom_css_main_element=&#8220;display:inline-flex;&#8220; border_radii=&#8220;on|0px|0px|0px|0px&#8220; global_colors_info=&#8220;{}&#8220;][\/et_pb_image][\/et_pb_column][\/et_pb_row][\/et_pb_section][et_pb_section fb_built=&#8220;1&#8243; _builder_version=&#8220;4.27.2&#8243; _module_preset=&#8220;default&#8220; background_color=&#8220;#265A84&#8243; custom_margin=&#8220;40px|0px|0px|0px|false|false&#8220; custom_padding=&#8220;30px|32px|30px|32px|false|false&#8220; border_radii=&#8220;on|12px|12px|12px|12px&#8220; locked=&#8220;off&#8220; global_colors_info=&#8220;{}&#8220;][et_pb_row _builder_version=&#8220;4.27.2&#8243; _module_preset=&#8220;default&#8220; global_colors_info=&#8220;{}&#8220;][et_pb_column type=&#8220;4_4&#8243; _builder_version=&#8220;4.27.2&#8243; _module_preset=&#8220;default&#8220; global_colors_info=&#8220;{}&#8220;][et_pb_heading title=&#8220;N\u00e4chste Seite:&#8220; _builder_version=&#8220;4.27.2&#8243; _module_preset=&#8220;default&#8220; title_level=&#8220;h5&#8243; title_text_color=&#8220;#FFFFFF&#8220; global_colors_info=&#8220;{}&#8220;][\/et_pb_heading][et_pb_button button_url=&#8220;@ET-DC@eyJkeW5hbWljIjp0cnVlLCJjb250ZW50IjoicG9zdF9saW5rX3VybF9wYWdlIiwic2V0dGluZ3MiOnsicG9zdF9pZCI6IjEwMDcifX0=@&#8220; button_text=&#8220;Leben &#038; Wohnen&#8220; _builder_version=&#8220;4.27.4&#8243; _dynamic_attributes=&#8220;button_url&#8220; _module_preset=&#8220;default&#8220; button_text_size=&#8220;32px&#8220; button_use_icon=&#8220;on&#8220; button_icon=&#8220;&#x24;||divi||400&#8243; button_text_size_tablet=&#8220;20px&#8220; button_text_size_phone=&#8220;20px&#8220; button_text_size_last_edited=&#8220;on|desktop&#8220; custom_css_main_element=&#8220;font-size: 32px !important;&#8220; global_colors_info=&#8220;{}&#8220; button_text_size__hover=&#8220;32px&#8220;][\/et_pb_button][\/et_pb_column][\/et_pb_row][\/et_pb_section]<\/p>\n","protected":false},"excerpt":{"rendered":"<p>Foto: Hammerstein Park WesendorfEgal, ob Sie einen neuen Standort f\u00fcr Ihre Gesch\u00e4ftst\u00e4tigkeit ben\u00f6tigen oder ihr bestehendes Gewerbe erweitern m\u00f6chten &#8211; wir stehen Ihnen zur Seite. Wir helfen Ihnen dabei, die passende Gewerbefl\u00e4che zu finden, die Ihren Anforderungen entspricht. Unser Bestreben ist es, Ihnen eine optimale Standortl\u00f6sung zu bieten, die nicht nur Ihren gesch\u00e4ftlichen Anforderungen entspricht, [&hellip;]<\/p>\n","protected":false},"author":1,"featured_media":2161,"parent":0,"menu_order":0,"comment_status":"closed","ping_status":"closed","template":"","meta":{"_et_pb_use_builder":"on","_et_pb_old_content":"","_et_gb_content_width":"","inline_featured_image":false,"footnotes":""},"class_list":["post-1004","page","type-page","status-publish","has-post-thumbnail","hentry"],"_links":{"self":[{"href":"https:\/\/xn--wirtschaftsfrderung-gifhorn-0yc.de\/en\/wp-json\/wp\/v2\/pages\/1004","targetHints":{"allow":["GET"]}}],"collection":[{"href":"https:\/\/xn--wirtschaftsfrderung-gifhorn-0yc.de\/en\/wp-json\/wp\/v2\/pages"}],"about":[{"href":"https:\/\/xn--wirtschaftsfrderung-gifhorn-0yc.de\/en\/wp-json\/wp\/v2\/types\/page"}],"author":[{"embeddable":true,"href":"https:\/\/xn--wirtschaftsfrderung-gifhorn-0yc.de\/en\/wp-json\/wp\/v2\/users\/1"}],"replies":[{"embeddable":true,"href":"https:\/\/xn--wirtschaftsfrderung-gifhorn-0yc.de\/en\/wp-json\/wp\/v2\/comments?post=1004"}],"version-history":[{"count":86,"href":"https:\/\/xn--wirtschaftsfrderung-gifhorn-0yc.de\/en\/wp-json\/wp\/v2\/pages\/1004\/revisions"}],"predecessor-version":[{"id":6016,"href":"https:\/\/xn--wirtschaftsfrderung-gifhorn-0yc.de\/en\/wp-json\/wp\/v2\/pages\/1004\/revisions\/6016"}],"wp:featuredmedia":[{"embeddable":true,"href":"https:\/\/xn--wirtschaftsfrderung-gifhorn-0yc.de\/en\/wp-json\/wp\/v2\/media\/2161"}],"wp:attachment":[{"href":"https:\/\/xn--wirtschaftsfrderung-gifhorn-0yc.de\/en\/wp-json\/wp\/v2\/media?parent=1004"}],"curies":[{"name":"wp","href":"https:\/\/api.w.org\/{rel}","templated":true}]}}